{"id":2581,"date":"2024-04-16T09:43:57","date_gmt":"2024-04-16T12:43:57","guid":{"rendered":"https:\/\/www.autometriccalibration.com\/?page_id=2581"},"modified":"2026-04-07T08:08:06","modified_gmt":"2026-04-07T11:08:06","slug":"programacao-de-modulo","status":"publish","type":"page","link":"https:\/\/www.autometriccalibration.com\/?page_id=2581&lang=pt","title":{"rendered":"Programa\u00e7\u00e3o de M\u00f3dulo"},"content":{"rendered":"<div class=\"brz-root__container brz-reset-all\">\n<section id=\"uuOox08InNSs\" class=\"brz-section brz-css-ld5h_ brz-css-dFOYy\">\n<div class=\"brz-section__content brz-section--boxed brz-css-aXOku brz-css-df1K7\" data-brz-custom-id=\"e99bBvoNDfh4\">\n<div class=\"brz-bg\">\n<div class=\"brz-bg-image\"><\/div>\n<div class=\"brz-bg-color\"><\/div>\n<\/div>\n<div class=\"brz-container brz-css-odgaE\">\n<div id class=\"brz-css-vLqjO brz-wrapper\">\n<div class=\"brz-rich-text brz-rich-text__population brz-css-eCXxT brz-css-oVKlO brz-css-vcz_m\" data-brz-custom-id=\"uQfB34mP4EGC\"><span><\/span><\/div>\n<\/div>\n<\/div>\n<\/div>\n<\/section>\n<section id=\"quem-somos\" class=\"brz-section brz-css-ld5h_\">\n<div class=\"brz-section__content brz-section--boxed brz-css-aXOku brz-css-utrUG\" data-brz-custom-id=\"z4Uu7u9GkBNe\">\n<div class=\"brz-bg\">\n<div class=\"brz-bg-color\"><\/div>\n<\/div>\n<div class=\"brz-container brz-css-odgaE\">\n<div class=\"brz-row__container brz-css-vYgqs\" data-brz-custom-id=\"wQKQahrYFs4w\">\n<div class=\"brz-bg\"><\/div>\n<div class=\"brz-row brz-css-crArT brz-css-qspU4\">\n<div class=\"brz-columns brz-css-i4IVl brz-css-a_7qB\" data-brz-custom-id=\"unTry42pvcm7\">\n<div class=\"brz-bg\">\n<div class=\"brz-bg-color\"><\/div>\n<\/div>\n<div class=\"brz-column__items brz-css-wxnDM brz-css-c87OI\">\n<div class=\"brz-row__container brz-css-vYgqs brz-css-bCZH8\" data-brz-custom-id=\"ou0D1mMcWglW\">\n<div class=\"brz-bg\"><\/div>\n<div class=\"brz-row brz-row--inner brz-css-crArT\">\n<div class=\"brz-columns brz-css-i4IVl brz-css-qSLV2\" data-brz-custom-id=\"d4ZaMSlYEcso\">\n<div class=\"brz-bg\"><\/div>\n<div class=\"brz-column__items brz-css-wxnDM\">\n<div id class=\"brz-css-vLqjO brz-wrapper\">\n<div class=\"brz-rich-text brz-rich-text__population brz-css-eCXxT brz-css-oVKlO brz-css-pa0G0\" data-brz-custom-id=\"sXbt3ablpvFi\"><span><\/span><\/div>\n<\/div>\n<div id class=\"brz-css-vLqjO brz-css-dNoOI brz-wrapper\">\n<div class=\"brz-line brz-line-default brz-css-we7Qr brz-css-ixSWS\" data-brz-custom-id=\"nrI0zBMLgbAp\">\n<hr class=\"brz-hr\"><\/div>\n<\/div>\n<div id class=\"brz-css-vLqjO brz-wrapper\">\n<div class=\"brz-rich-text brz-rich-text__custom brz-css-eCXxT\" data-brz-custom-id=\"aJja590e0MOS\">\n<div data-brz-translate-text=\"1\">\n<p class=\"brz-text-xs-center brz-tp-lg-paragraph brz-css-f5SsE\" data-uniq-id=\"b6Yvb\" data-generated-css=\"brz-css-lk42U\"><span class=\"brz-cp-color6\">Garantir o funcionamento adequado dos Sistemas Avan&ccedil;ados de Assist&ecirc;ncia ao Motorista (ADAS) quando componentes como RADAR, sensores e c&acirc;meras s&atilde;o alterados ou substitu&iacute;dos &eacute; vital para a seguran&ccedil;a e o desempenho do ve&iacute;culo. Nossa capacidade de programar m&oacute;dulos dentro do ve&iacute;culo &eacute; essencial para garantir a funcionalidade desses sistemas. Ao programar estes m&oacute;dulos, garantimos a compatibilidade entre novos componentes e sistemas existentes do ve&iacute;culo, permitindo uma integra&ccedil;&atilde;o perfeita e um desempenho ideal. Al&eacute;m disso, a programa&ccedil;&atilde;o do m&oacute;dulo nos permite atualizar os dados de calibra&ccedil;&atilde;o com precis&atilde;o, garantindo que as fun&ccedil;&otilde;es ADAS operem corretamente e forne&ccedil;am recursos de seguran&ccedil;a essenciais, como controle de cruzeiro adaptativo e frenagem autom&aacute;tica de emerg&ecirc;ncia. Com nossa experi&ecirc;ncia em programa&ccedil;&atilde;o de m&oacute;dulos, priorizamos a conformidade regulat&oacute;ria e nos esfor&ccedil;amos para manter a integridade dos sistemas ADAS para melhorar a seguran&ccedil;a geral dos ve&iacute;culos na estrada.<\/span><\/p>\n<p class=\"brz-text-xs-center brz-tp-lg-paragraph brz-css-lvgo9\" data-uniq-id=\"xcl2O\" data-generated-css=\"brz-css-azkC4\"><span class=\"brz-cp-color6\"> <\/span><\/p>\n<p class=\"brz-text-xs-center brz-tp-lg-paragraph brz-css-wzrVP\" data-uniq-id=\"vHGod\" data-generated-css=\"brz-css-aYV8i\"><strong class=\"brz-cp-color6\">Luz do airbag acesa? <\/strong><\/p>\n<p class=\"brz-text-xs-center brz-tp-lg-paragraph brz-bcp-color6 brz-css-fVJ43\" data-uniq-id=\"fl3Rz\" data-generated-css=\"brz-css-jf7Qc\"><strong class=\"brz-cp-color6\"> <\/strong><\/p>\n<p class=\"brz-text-xs-center brz-tp-lg-paragraph brz-bcp-color6 brz-css-lWIyG\" data-uniq-id=\"wAprB\" data-generated-css=\"brz-css-lNgT_\"><strong class=\"brz-cp-color6\">ENVIE O M&Oacute;DULO PARA N&Oacute;S<\/strong><\/p>\n<p class=\"brz-text-xs-center brz-tp-lg-empty brz-ff-poppins brz-ft-google brz-fs-lg-14 brz-fss-lg-px brz-fw-lg-300 brz-ls-lg-0 brz-lh-lg-1_7 brz-vfw-lg-400 brz-fwdth-lg-100 brz-fsft-lg-0 brz-css-aIKxO\" data-uniq-id=\"eQTHC\" data-generated-css=\"brz-css-v6c5M\"><strong class=\"brz-cp-color6\">Embale com seguran&ccedil;a sua parte, usando a caixa correta e envie-a para n&oacute;s. <\/strong><\/p>\n<p class=\"brz-text-xs-center brz-tp-lg-empty brz-ff-poppins brz-ft-google brz-fs-lg-14 brz-fss-lg-px brz-fw-lg-300 brz-ls-lg-0 brz-lh-lg-1_7 brz-vfw-lg-400 brz-fwdth-lg-100 brz-fsft-lg-0 brz-css-tP8CK\" data-uniq-id=\"auEbx\" data-generated-css=\"brz-css-gMWbX\"><strong class=\"brz-cp-color6\"> <\/strong><\/p>\n<p class=\"brz-tp-lg-paragraph brz-text-xs-center brz-ff-poppins brz-ft-google brz-fs-lg-14 brz-fss-lg-px brz-fw-lg-300 brz-ls-lg-0 brz-lh-lg-1_7 brz-vfw-lg-400 brz-fwdth-lg-100 brz-fsft-lg-0 brz-bcp-color6 brz-css-aEhCh\" data-uniq-id=\"enRSq\" data-generated-css=\"brz-css-pIDzX\"><strong class=\"brz-cp-color6\">REPARO<\/strong><\/p>\n<p class=\"brz-text-xs-center brz-tp-lg-empty brz-ff-poppins brz-ft-google brz-fs-lg-14 brz-fss-lg-px brz-fw-lg-300 brz-ls-lg-0 brz-lh-lg-1_7 brz-vfw-lg-400 brz-fwdth-lg-100 brz-fsft-lg-0 brz-css-nPxxe\" data-uniq-id=\"v2n8q\" data-generated-css=\"brz-css-kzsLM\"><strong class=\"brz-cp-color6\">N&oacute;s vamos para a raiz do problema, ent&atilde;o n&oacute;s reparamos o m&oacute;dulo, testamos e embalamos para devolu&ccedil;&atilde;o.<\/strong><\/p>\n<p class=\"brz-text-xs-center brz-tp-lg-empty brz-ff-poppins brz-ft-google brz-fs-lg-14 brz-fss-lg-px brz-fw-lg-300 brz-ls-lg-0 brz-lh-lg-1_7 brz-vfw-lg-400 brz-fwdth-lg-100 brz-fsft-lg-0 brz-css-ot0iy\" data-uniq-id=\"i3A4Z\" data-generated-css=\"brz-css-qsT5F\"><strong class=\"brz-cp-color6\"> <\/strong><\/p>\n<p class=\"brz-text-xs-center brz-ff-poppins brz-ft-google brz-fs-lg-14 brz-fss-lg-px brz-fw-lg-300 brz-ls-lg-0 brz-lh-lg-1_7 brz-vfw-lg-400 brz-fwdth-lg-100 brz-fsft-lg-0 brz-tp-lg-paragraph brz-css-tBFY5\" data-uniq-id=\"kFPl7\" data-generated-css=\"brz-css-dNQPZ\"><strong class=\"brz-cp-color6\">RECEBA A SUA PARTE RENOVADA E PRONTA <\/strong><\/p>\n<p class=\"brz-text-xs-center brz-tp-lg-empty brz-ff-poppins brz-ft-google brz-fs-lg-14 brz-fss-lg-px brz-fw-lg-300 brz-ls-lg-0 brz-lh-lg-1_7 brz-vfw-lg-400 brz-fwdth-lg-100 brz-fsft-lg-0 brz-css-c9jRE\" data-uniq-id=\"znD0t\" data-generated-css=\"brz-css-rvBji\"><strong class=\"brz-cp-color6\">Sua parte est&aacute; pronta para instalar e seu carro estar&aacute; SEGURO para voltar a andar. <\/strong><\/p>\n<\/div>\n<\/div>\n<\/div>\n<\/div>\n<\/div>\n<div class=\"brz-columns brz-css-i4IVl brz-css-xButy\" data-brz-custom-id=\"iVt1i4heZnLK\">\n<div class=\"brz-bg\"><\/div>\n<div class=\"brz-column__items brz-css-wxnDM\">\n<div id class=\"brz-css-vLqjO brz-css-rA2tq brz-wrapper\">\n<div class=\"brz-image brz-css-tXebL brz-css-fXkcf\" data-brz-custom-id=\"tpg4Q8b8QmUY\"><img decoding=\"async\" class=\"brz-img\" src=\"%7B@brizy_SITE_URL_PLACEHOLDER@%7D\/?impactalive_media=wp-5ee5950b81fde833d8e4747367aa90be.jpeg&amp;impactalive_crop=original\" alt=\"\" loading=\"lazy\"><\/div>\n<\/div>\n<\/div>\n<\/div>\n<\/div>\n<\/div>\n<div class=\"brz-row__container brz-css-vYgqs brz-css-wFTU7\" data-brz-custom-id=\"zXqJ9yo6vAW8\">\n<div class=\"brz-bg\"><\/div>\n<div class=\"brz-row brz-row--inner brz-css-crArT brz-css-jWBJZ\">\n<div class=\"brz-columns brz-css-i4IVl brz-css-fdOts\" data-brz-custom-id=\"hlTflbg2IFRV\">\n<div class=\"brz-bg\"><\/div>\n<div class=\"brz-column__items brz-css-wxnDM\">\n<div id class=\"brz-css-vLqjO brz-wrapper\">\n<div class=\"brz-rich-text brz-rich-text__custom brz-css-eCXxT\" data-brz-custom-id=\"ruyeoOdsgHFJ\">\n<div data-brz-translate-text=\"1\">\n<h3 class=\"brz-tp-lg-heading3 brz-text-xs-center brz-css-czyAb\" data-uniq-id=\"h1Gx5\" data-generated-css=\"brz-css-fvfOG\">Dominando a Eletr&ocirc;nica de Ve&iacute;culos<\/h3>\n<\/div>\n<\/div>\n<\/div>\n<div id class=\"brz-css-vLqjO brz-css-z7CIM brz-wrapper\">\n<div class=\"brz-line brz-line-default brz-css-we7Qr brz-css-nhp4W\" data-brz-custom-id=\"hEpSyJjD_lie\">\n<hr class=\"brz-hr\"><\/div>\n<\/div>\n<div id class=\"brz-css-vLqjO brz-wrapper\">\n<div class=\"brz-rich-text brz-rich-text__custom brz-css-eCXxT\" data-brz-custom-id=\"b1kbEDAQ4CwZ\">\n<div data-brz-translate-text=\"1\">\n<p class=\"brz-tp-lg-paragraph brz-text-xs-center brz-css-az1Rz\" data-uniq-id=\"aObbS\" data-generated-css=\"brz-css-o0PgH\"><span class=\"brz-cp-color7\">Na Autometric Calibration, nossa equipe &eacute; composta por especialistas em programa&ccedil;&atilde;o de m&oacute;dulos com ampla experi&ecirc;ncia na programa&ccedil;&atilde;o de equipamentos eletr&ocirc;nicos a bordo de quase todos os ve&iacute;culos que circulam atualmente. Com um hist&oacute;rico comprovado de conclus&atilde;o bem-sucedida de centenas de programa&ccedil;&otilde;es de m&oacute;dulos, voc&ecirc; pode confiar em n&oacute;s para programar os componentes eletr&ocirc;nicos do seu ve&iacute;culo com precis&atilde;o e experi&ecirc;ncia. Ao escolher a Calibra&ccedil;&atilde;o Autom&eacute;trica, voc&ecirc; est&aacute; escolhendo a tranquilidade de saber que os componentes eletr&ocirc;nicos do seu ve&iacute;culo est&atilde;o em m&atilde;os competentes.<\/span><\/p>\n<\/div>\n<\/div>\n<\/div>\n<\/div>\n<\/div>\n<div class=\"brz-columns brz-css-i4IVl brz-css-bvE0F\" data-brz-custom-id=\"pMPLziyvOMdC\">\n<div class=\"brz-bg\"><\/div>\n<div class=\"brz-column__items brz-css-wxnDM\">\n<div id class=\"brz-css-vLqjO brz-wrapper\">\n<div class=\"brz-rich-text brz-rich-text__custom brz-css-eCXxT\" data-brz-custom-id=\"sssRLvG28pG6\">\n<div data-brz-translate-text=\"1\">\n<h3 class=\"brz-tp-lg-heading3 brz-text-xs-center brz-css-hnhL6\" data-uniq-id=\"aNU88\" data-generated-css=\"brz-css-iHdow\">Restaure o desempenho do seu ve&iacute;culo<\/h3>\n<\/div>\n<\/div>\n<\/div>\n<div id class=\"brz-css-vLqjO brz-css-wKrlo brz-wrapper\">\n<div class=\"brz-line brz-line-default brz-css-we7Qr brz-css-jk2M9\" data-brz-custom-id=\"zK13oT1PfWKY\">\n<hr class=\"brz-hr\"><\/div>\n<\/div>\n<div id class=\"brz-css-vLqjO brz-wrapper\">\n<div class=\"brz-rich-text brz-rich-text__custom brz-css-eCXxT\" data-brz-custom-id=\"yJd3aLx8Nz7f\">\n<div data-brz-translate-text=\"1\">\n<p class=\"brz-tp-lg-paragraph brz-text-xs-center brz-css-xNeNh\" data-uniq-id=\"aT6PH\" data-generated-css=\"brz-css-hzYWR\"><span class=\"brz-cp-color7\">Somos especializados em garantir o desempenho ideal do seu ve&iacute;culo. Confie em n&oacute;s para servi&ccedil;os de programa&ccedil;&atilde;o de m&oacute;dulos de alta qualidade, especializados em todo o processo de calibra&ccedil;&atilde;o de ADAS. Desde a programa&ccedil;&atilde;o de m&oacute;dulos essenciais para sensores e c&acirc;meras ADAS at&eacute; um servi&ccedil;o completo, garantimos a seguran&ccedil;a e funcionalidade do seu ve&iacute;culo. Como seu balc&atilde;o &uacute;nico, atendemos uma ampla variedade de ve&iacute;culos, oferecendo experi&ecirc;ncia e precis&atilde;o para atender &agrave;s suas necessidades automotivas.<\/span><\/p>\n<\/div>\n<\/div>\n<\/div>\n<\/div>\n<\/div>\n<\/div>\n<\/div>\n<div class=\"brz-row__container brz-css-vYgqs\" data-brz-custom-id=\"l4vp6Ye5dy4B\">\n<div class=\"brz-bg\"><\/div>\n<div class=\"brz-row brz-row--inner brz-css-crArT brz-css-qspU4\">\n<div class=\"brz-columns brz-css-i4IVl brz-css-qWWaI\" data-brz-custom-id=\"glZoJEgJhkND\">\n<div class=\"brz-bg\"><\/div>\n<div class=\"brz-column__items brz-css-wxnDM brz-css-l99ow\">\n<div id class=\"brz-css-vLqjO brz-wrapper\">\n<div class=\"brz-rich-text brz-rich-text__custom brz-css-eCXxT\" data-brz-custom-id=\"weGGNm0MIFDU\">\n<div data-brz-translate-text=\"1\">\n<h3 class=\"brz-text-lg-center brz-tp-lg-heading3 brz-css-ujDSZ\" data-uniq-id=\"n1dcS\" data-generated-css=\"brz-css-ecYHQ\"><span class=\"brz-cp-color2\">Contate-nos hoje para agendar a programa&ccedil;&atilde;o do seu m&oacute;dulo!<\/span><\/h3>\n<\/div>\n<\/div>\n<\/div>\n<div class=\"brz-wrapper-clone brz-css-wXnJw\">\n<div class=\"brz-d-xs-flex brz-flex-xs-wrap brz-css-wA1sk\" data-brz-custom-id>\n<div class=\"brz-wrapper-clone__item\" id=\"rd1bZk11Z3ZP\"><a class=\"brz-a brz-btn brz-css-x6u4p brz-css-zBPA8\" href=\"https:\/\/api.whatsapp.com\/send?phone=1561990997\" target=\"_blank\" rel=\"noopener\" data-brz-link-type=\"external\" data-brz-custom-id=\"rd1bZk11Z3ZP\"><span data-brz-translate-text=\"1\" class=\"brz-span brz-text__editor\">FALE CONOSCO<\/span><\/a><\/div>\n<\/div>\n<\/div>\n<\/div>\n<\/div>\n<\/div>\n<\/div>\n<\/div>\n<\/div>\n<\/div>\n<\/div>\n<\/div>\n<\/div>\n<\/section>\n<\/div>\n<p><!-- version:1753801865 --><\/p>\n","protected":false},"excerpt":{"rendered":"<p>Garantir o funcionamento adequado dos Sistemas Avan&ccedil;ados de Assist&ecirc;ncia ao Motorista (ADAS) quando componentes como RADAR, sensores e c&acirc;meras s&atilde;o alterados ou substitu&iacute;dos &eacute; vital para a seguran&ccedil;a e o desempenho do ve&iacute;culo. Nossa capacidade de programar m&oacute;dulos dentro do ve&iacute;culo &eacute; essencial para garantir a funcionalidade desses sistemas. Ao programar estes m&oacute;dulos, garantimos a [&hellip;]<\/p>\n","protected":false},"author":3,"featured_media":0,"parent":0,"menu_order":0,"comment_status":"closed","ping_status":"closed","template":"brizy-blank-template.php","meta":{"footnotes":""},"class_list":["post-2581","page","type-page","status-publish","hentry"],"brizy_media":[{"id":2541,"url":"https:\/\/www.autometriccalibration.com\/wp-content\/uploads\/2024\/04\/WhatsApp-Image-2024-04-08-at-08.29.48.jpeg","name":"WhatsApp-Image-2024-04-08-at-08.29.48.jpeg","meta":{"brizy_attachment_uid":"wp-5ee5950b81fde833d8e4747367aa90be.jpeg","brizy_post_uid":["80ae917ac2332cea9e402aa835a295dd","f1305b1366a28287b84d2a768459fa40","d9f2279e44360a4d3a7d28f3ce6aa78b","69f64ff01f444bbf24e4064d07af161c"]}}],"_links":{"self":[{"href":"https:\/\/www.autometriccalibration.com\/index.php?rest_route=\/wp\/v2\/pages\/2581","targetHints":{"allow":["GET"]}}],"collection":[{"href":"https:\/\/www.autometriccalibration.com\/index.php?rest_route=\/wp\/v2\/pages"}],"about":[{"href":"https:\/\/www.autometriccalibration.com\/index.php?rest_route=\/wp\/v2\/types\/page"}],"author":[{"embeddable":true,"href":"https:\/\/www.autometriccalibration.com\/index.php?rest_route=\/wp\/v2\/users\/3"}],"replies":[{"embeddable":true,"href":"https:\/\/www.autometriccalibration.com\/index.php?rest_route=%2Fwp%2Fv2%2Fcomments&post=2581"}],"version-history":[{"count":5,"href":"https:\/\/www.autometriccalibration.com\/index.php?rest_route=\/wp\/v2\/pages\/2581\/revisions"}],"predecessor-version":[{"id":3316,"href":"https:\/\/www.autometriccalibration.com\/index.php?rest_route=\/wp\/v2\/pages\/2581\/revisions\/3316"}],"wp:attachment":[{"href":"https:\/\/www.autometriccalibration.com\/index.php?rest_route=%2Fwp%2Fv2%2Fmedia&parent=2581"}],"curies":[{"name":"wp","href":"https:\/\/api.w.org\/{rel}","templated":true}]}}